{"id":95,"date":"2026-03-27T04:55:23","date_gmt":"2026-03-27T04:55:23","guid":{"rendered":"https:\/\/fonseca-lucic.cl\/?page_id=95"},"modified":"2026-04-17T16:15:29","modified_gmt":"2026-04-17T16:15:29","slug":"preguntas-frecuentes","status":"publish","type":"page","link":"https:\/\/fonseca-lucic.cl\/index.php\/preguntas-frecuentes\/","title":{"rendered":"Preguntas Frecuentes"},"content":{"rendered":"\t\t<div data-elementor-type=\"wp-page\" data-elementor-id=\"95\" class=\"elementor elementor-95\" data-elementor-post-type=\"page\">\n\t\t\t\t<div class=\"elementor-element elementor-element-4318533b e-flex e-con-boxed e-con e-parent\" data-id=\"4318533b\" data-element_type=\"container\" data-e-type=\"container\" data-settings=\"{&quot;background_background&quot;:&quot;classic&quot;}\">\n\t\t\t\t\t<div class=\"e-con-inner\">\n\t\t<div class=\"elementor-element elementor-element-7c23d164 e-con-full e-flex e-con e-child\" data-id=\"7c23d164\" data-element_type=\"container\" data-e-type=\"container\">\n\t\t\t\t<div class=\"elementor-element elementor-element-76314756 elementor-invisible elementor-widget elementor-widget-heading\" data-id=\"76314756\" data-element_type=\"widget\" data-e-type=\"widget\" data-settings=\"{&quot;_animation&quot;:&quot;fadeInDown&quot;,&quot;_animation_delay&quot;:300}\" data-widget_type=\"heading.default\">\n\t\t\t\t\t<h2 class=\"elementor-heading-title elementor-size-default\">FAQ<\/h2>\t\t\t\t<\/div>\n\t\t\t\t<div class=\"elementor-element elementor-element-2445066 elementor-icon-list--layout-inline elementor-list-item-link-full_width elementor-invisible elementor-widget elementor-widget-icon-list\" data-id=\"2445066\" data-element_type=\"widget\" data-e-type=\"widget\" data-settings=\"{&quot;_animation&quot;:&quot;fadeInUp&quot;,&quot;_animation_delay&quot;:300}\" data-widget_type=\"icon-list.default\">\n\t\t\t\t\t\t\t<ul class=\"elementor-icon-list-items elementor-inline-items\">\n\t\t\t\t\t\t\t<li class=\"elementor-icon-list-item elementor-inline-item\">\n\t\t\t\t\t\t\t\t\t\t\t<a href=\"https:\/\/fonseca-lucic.cl\/\">\n\n\t\t\t\t\t\t\t\t\t\t\t<span class=\"elementor-icon-list-text\">Inicio<\/span>\n\t\t\t\t\t\t\t\t\t\t\t<\/a>\n\t\t\t\t\t\t\t\t\t<\/li>\n\t\t\t\t\t\t\t\t<li class=\"elementor-icon-list-item elementor-inline-item\">\n\t\t\t\t\t\t\t\t\t\t\t<a href=\"https:\/\/fonseca-lucic.cl\/index.php\/preguntas-frecuentes\/\">\n\n\t\t\t\t\t\t\t\t\t\t\t\t<span class=\"elementor-icon-list-icon\">\n\t\t\t\t\t\t\t<i aria-hidden=\"true\" class=\"icon icon-right-arrow\"><\/i>\t\t\t\t\t\t<\/span>\n\t\t\t\t\t\t\t\t\t\t<span class=\"elementor-icon-list-text\">FAQ<\/span>\n\t\t\t\t\t\t\t\t\t\t\t<\/a>\n\t\t\t\t\t\t\t\t\t<\/li>\n\t\t\t\t\t\t<\/ul>\n\t\t\t\t\t\t<\/div>\n\t\t\t\t<\/div>\n\t\t\t\t\t<\/div>\n\t\t\t\t<\/div>\n\t\t<div class=\"elementor-element elementor-element-5142ec61 e-flex e-con-boxed e-con e-parent\" data-id=\"5142ec61\" data-element_type=\"container\" data-e-type=\"container\">\n\t\t\t\t\t<div class=\"e-con-inner\">\n\t\t<div class=\"elementor-element elementor-element-6eb7e4f7 e-con-full e-flex elementor-invisible e-con e-child\" data-id=\"6eb7e4f7\" data-element_type=\"container\" data-e-type=\"container\" data-settings=\"{&quot;animation&quot;:&quot;fadeInLeft&quot;,&quot;animation_delay&quot;:300}\">\n\t\t\t\t<div class=\"elementor-element elementor-element-6a1742ca elementor-icon-list--layout-inline elementor-list-item-link-full_width elementor-widget elementor-widget-icon-list\" data-id=\"6a1742ca\" data-element_type=\"widget\" data-e-type=\"widget\" data-widget_type=\"icon-list.default\">\n\t\t\t\t\t\t\t<ul class=\"elementor-icon-list-items elementor-inline-items\">\n\t\t\t\t\t\t\t<li class=\"elementor-icon-list-item elementor-inline-item\">\n\t\t\t\t\t\t\t\t\t\t\t<span class=\"elementor-icon-list-icon\">\n\t\t\t\t\t\t\t<svg aria-hidden=\"true\" class=\"e-font-icon-svg e-fas-grip-horizontal\" viewBox=\"0 0 448 512\" xmlns=\"http:\/\/www.w3.org\/2000\/svg\"><path d=\"M96 288H32c-17.67 0-32 14.33-32 32v64c0 17.67 14.33 32 32 32h64c17.67 0 32-14.33 32-32v-64c0-17.67-14.33-32-32-32zm160 0h-64c-17.67 0-32 14.33-32 32v64c0 17.67 14.33 32 32 32h64c17.67 0 32-14.33 32-32v-64c0-17.67-14.33-32-32-32zm160 0h-64c-17.67 0-32 14.33-32 32v64c0 17.67 14.33 32 32 32h64c17.67 0 32-14.33 32-32v-64c0-17.67-14.33-32-32-32zM96 96H32c-17.67 0-32 14.33-32 32v64c0 17.67 14.33 32 32 32h64c17.67 0 32-14.33 32-32v-64c0-17.67-14.33-32-32-32zm160 0h-64c-17.67 0-32 14.33-32 32v64c0 17.67 14.33 32 32 32h64c17.67 0 32-14.33 32-32v-64c0-17.67-14.33-32-32-32zm160 0h-64c-17.67 0-32 14.33-32 32v64c0 17.67 14.33 32 32 32h64c17.67 0 32-14.33 32-32v-64c0-17.67-14.33-32-32-32z\"><\/path><\/svg>\t\t\t\t\t\t<\/span>\n\t\t\t\t\t\t\t\t\t\t<span class=\"elementor-icon-list-text\">FAQ<\/span>\n\t\t\t\t\t\t\t\t\t<\/li>\n\t\t\t\t\t\t<\/ul>\n\t\t\t\t\t\t<\/div>\n\t\t\t\t<div class=\"elementor-element elementor-element-33280fb6 elementor-widget elementor-widget-heading\" data-id=\"33280fb6\" data-element_type=\"widget\" data-e-type=\"widget\" data-widget_type=\"heading.default\">\n\t\t\t\t\t<h2 class=\"elementor-heading-title elementor-size-default\">Preguntas Frecuentes<\/h2>\t\t\t\t<\/div>\n\t\t\t\t<div class=\"elementor-element elementor-element-439ea501 elementor-widget elementor-widget-elementskit-accordion\" data-id=\"439ea501\" data-element_type=\"widget\" data-e-type=\"widget\" data-widget_type=\"elementskit-accordion.default\">\n\t\t\t\t\t<div class=\"ekit-wid-con\" >\n        <div class=\"elementskit-accordion accoedion-primary\" id=\"accordion-69e949f9dbf93\">\n\n            \n                <div class=\"elementskit-card \">\n                    <div class=\"elementskit-card-header\" id=\"primaryHeading-0-439ea501\">\n                        <a href=\"#collapse-c5851fd69e949f9dbf93\" class=\"ekit-accordion--toggler elementskit-btn-link collapsed\" data-ekit-toggle=\"collapse\" data-target=\"#Collapse-c5851fd69e949f9dbf93\" aria-expanded=\"false\" aria-controls=\"Collapse-c5851fd69e949f9dbf93\">\n                            \n                            <span class=\"ekit-accordion-title\">\u00bfQu\u00e9 tipo de propiedades gestionan?<\/span>\n\n                            \n                                <div class=\"ekit_accordion_icon_group\">\n                                    <div class=\"ekit_accordion_normal_icon\">\n                                        <!-- Normal Icon -->\n\t\t\t\t\t\t\t\t\t\t<i class=\"icon icon-plus\"><\/i>                                    <\/div>\n\n                                    <div class=\"ekit_accordion_active_icon\">\n                                        <!-- Active Icon -->\n\t\t\t\t\t\t\t\t\t\t<i class=\"icon icon-minus\"><\/i>                                    <\/div>\n                                <\/div>\n\n                            \n                                                    <\/a>\n                    <\/div>\n\n                    <div id=\"Collapse-c5851fd69e949f9dbf93\" class=\" collapse\" aria-labelledby=\"primaryHeading-0-439ea501\" data-parent=\"#accordion-69e949f9dbf93\">\n\n                        <div class=\"elementskit-card-body ekit-accordion--content\">\n                            <p>Trabajamos con propiedades habitacionales, comerciales y otros activos inmobiliarios, seg\u00fan el tipo de operaci\u00f3n o proyecto requerido.<\/p>                        <\/div>\n\n                    <\/div>\n\n                <\/div><!-- .elementskit-card END -->\n\n                \n                <div class=\"elementskit-card \">\n                    <div class=\"elementskit-card-header\" id=\"primaryHeading-1-439ea501\">\n                        <a href=\"#collapse-8b1ff2a69e949f9dbf93\" class=\"ekit-accordion--toggler elementskit-btn-link collapsed\" data-ekit-toggle=\"collapse\" data-target=\"#Collapse-8b1ff2a69e949f9dbf93\" aria-expanded=\"false\" aria-controls=\"Collapse-8b1ff2a69e949f9dbf93\">\n                            \n                            <span class=\"ekit-accordion-title\">\u00bfPueden apoyarme si quiero vender una propiedad?<\/span>\n\n                            \n                                <div class=\"ekit_accordion_icon_group\">\n                                    <div class=\"ekit_accordion_normal_icon\">\n                                        <!-- Normal Icon -->\n\t\t\t\t\t\t\t\t\t\t<i class=\"icon icon-plus\"><\/i>                                    <\/div>\n\n                                    <div class=\"ekit_accordion_active_icon\">\n                                        <!-- Active Icon -->\n\t\t\t\t\t\t\t\t\t\t<i class=\"icon icon-minus\"><\/i>                                    <\/div>\n                                <\/div>\n\n                            \n                                                    <\/a>\n                    <\/div>\n\n                    <div id=\"Collapse-8b1ff2a69e949f9dbf93\" class=\" collapse\" aria-labelledby=\"primaryHeading-1-439ea501\" data-parent=\"#accordion-69e949f9dbf93\">\n\n                        <div class=\"elementskit-card-body ekit-accordion--content\">\n                            <p>S\u00ed. Te acompa\u00f1amos en el proceso de venta con asesor\u00eda comercial, orientaci\u00f3n estrat\u00e9gica y apoyo documental para facilitar una gesti\u00f3n ordenada y segura.<\/p>                        <\/div>\n\n                    <\/div>\n\n                <\/div><!-- .elementskit-card END -->\n\n                \n                <div class=\"elementskit-card \">\n                    <div class=\"elementskit-card-header\" id=\"primaryHeading-2-439ea501\">\n                        <a href=\"#collapse-fc9ded669e949f9dbf93\" class=\"ekit-accordion--toggler elementskit-btn-link collapsed\" data-ekit-toggle=\"collapse\" data-target=\"#Collapse-fc9ded669e949f9dbf93\" aria-expanded=\"false\" aria-controls=\"Collapse-fc9ded669e949f9dbf93\">\n                            \n                            <span class=\"ekit-accordion-title\">\u00bfTambi\u00e9n asesoran en la compra de propiedades?<\/span>\n\n                            \n                                <div class=\"ekit_accordion_icon_group\">\n                                    <div class=\"ekit_accordion_normal_icon\">\n                                        <!-- Normal Icon -->\n\t\t\t\t\t\t\t\t\t\t<i class=\"icon icon-plus\"><\/i>                                    <\/div>\n\n                                    <div class=\"ekit_accordion_active_icon\">\n                                        <!-- Active Icon -->\n\t\t\t\t\t\t\t\t\t\t<i class=\"icon icon-minus\"><\/i>                                    <\/div>\n                                <\/div>\n\n                            \n                                                    <\/a>\n                    <\/div>\n\n                    <div id=\"Collapse-fc9ded669e949f9dbf93\" class=\" collapse\" aria-labelledby=\"primaryHeading-2-439ea501\" data-parent=\"#accordion-69e949f9dbf93\">\n\n                        <div class=\"elementskit-card-body ekit-accordion--content\">\n                            <p>S\u00ed. Entregamos apoyo para evaluar oportunidades, revisar antecedentes y tomar decisiones con mayor seguridad.<\/p>                        <\/div>\n\n                    <\/div>\n\n                <\/div><!-- .elementskit-card END -->\n\n                \n                <div class=\"elementskit-card \">\n                    <div class=\"elementskit-card-header\" id=\"primaryHeading-3-439ea501\">\n                        <a href=\"#collapse-4acaf7669e949f9dbf93\" class=\"ekit-accordion--toggler elementskit-btn-link collapsed\" data-ekit-toggle=\"collapse\" data-target=\"#Collapse-4acaf7669e949f9dbf93\" aria-expanded=\"false\" aria-controls=\"Collapse-4acaf7669e949f9dbf93\">\n                            \n                            <span class=\"ekit-accordion-title\">\u00bfQu\u00e9 es un estudio de t\u00edtulos y por qu\u00e9 es importante?<\/span>\n\n                            \n                                <div class=\"ekit_accordion_icon_group\">\n                                    <div class=\"ekit_accordion_normal_icon\">\n                                        <!-- Normal Icon -->\n\t\t\t\t\t\t\t\t\t\t<i class=\"icon icon-plus\"><\/i>                                    <\/div>\n\n                                    <div class=\"ekit_accordion_active_icon\">\n                                        <!-- Active Icon -->\n\t\t\t\t\t\t\t\t\t\t<i class=\"icon icon-minus\"><\/i>                                    <\/div>\n                                <\/div>\n\n                            \n                                                    <\/a>\n                    <\/div>\n\n                    <div id=\"Collapse-4acaf7669e949f9dbf93\" class=\" collapse\" aria-labelledby=\"primaryHeading-3-439ea501\" data-parent=\"#accordion-69e949f9dbf93\">\n\n                        <div class=\"elementskit-card-body ekit-accordion--content\">\n                            <p>Es una revisi\u00f3n legal y documental de la propiedad. Permite detectar observaciones o riesgos antes de concretar una operaci\u00f3n.<\/p>                        <\/div>\n\n                    <\/div>\n\n                <\/div><!-- .elementskit-card END -->\n\n                \n                <div class=\"elementskit-card \">\n                    <div class=\"elementskit-card-header\" id=\"primaryHeading-4-439ea501\">\n                        <a href=\"#collapse-55ce82e69e949f9dbf93\" class=\"ekit-accordion--toggler elementskit-btn-link collapsed\" data-ekit-toggle=\"collapse\" data-target=\"#Collapse-55ce82e69e949f9dbf93\" aria-expanded=\"false\" aria-controls=\"Collapse-55ce82e69e949f9dbf93\">\n                            \n                            <span class=\"ekit-accordion-title\">\u00bfPueden ayudar con financiamiento?<\/span>\n\n                            \n                                <div class=\"ekit_accordion_icon_group\">\n                                    <div class=\"ekit_accordion_normal_icon\">\n                                        <!-- Normal Icon -->\n\t\t\t\t\t\t\t\t\t\t<i class=\"icon icon-plus\"><\/i>                                    <\/div>\n\n                                    <div class=\"ekit_accordion_active_icon\">\n                                        <!-- Active Icon -->\n\t\t\t\t\t\t\t\t\t\t<i class=\"icon icon-minus\"><\/i>                                    <\/div>\n                                <\/div>\n\n                            \n                                                    <\/a>\n                    <\/div>\n\n                    <div id=\"Collapse-55ce82e69e949f9dbf93\" class=\" collapse\" aria-labelledby=\"primaryHeading-4-439ea501\" data-parent=\"#accordion-69e949f9dbf93\">\n\n                        <div class=\"elementskit-card-body ekit-accordion--content\">\n                            <p>S\u00ed. Apoyamos la gesti\u00f3n y evaluaci\u00f3n de alternativas como cr\u00e9ditos hipotecarios, leasing y leaseback, seg\u00fan cada caso.<\/p>                        <\/div>\n\n                    <\/div>\n\n                <\/div><!-- .elementskit-card END -->\n\n                \n                <div class=\"elementskit-card \">\n                    <div class=\"elementskit-card-header\" id=\"primaryHeading-5-439ea501\">\n                        <a href=\"#collapse-a8a937669e949f9dbf93\" class=\"ekit-accordion--toggler elementskit-btn-link collapsed\" data-ekit-toggle=\"collapse\" data-target=\"#Collapse-a8a937669e949f9dbf93\" aria-expanded=\"false\" aria-controls=\"Collapse-a8a937669e949f9dbf93\">\n                            \n                            <span class=\"ekit-accordion-title\">\u00bfAdministran propiedades arrendadas?<\/span>\n\n                            \n                                <div class=\"ekit_accordion_icon_group\">\n                                    <div class=\"ekit_accordion_normal_icon\">\n                                        <!-- Normal Icon -->\n\t\t\t\t\t\t\t\t\t\t<i class=\"icon icon-plus\"><\/i>                                    <\/div>\n\n                                    <div class=\"ekit_accordion_active_icon\">\n                                        <!-- Active Icon -->\n\t\t\t\t\t\t\t\t\t\t<i class=\"icon icon-minus\"><\/i>                                    <\/div>\n                                <\/div>\n\n                            \n                                                    <\/a>\n                    <\/div>\n\n                    <div id=\"Collapse-a8a937669e949f9dbf93\" class=\" collapse\" aria-labelledby=\"primaryHeading-5-439ea501\" data-parent=\"#accordion-69e949f9dbf93\">\n\n                        <div class=\"elementskit-card-body ekit-accordion--content\">\n                            <p>S\u00ed. Ofrecemos apoyo en la administraci\u00f3n de inmuebles arrendados para facilitar su gesti\u00f3n y resguardar la inversi\u00f3n.<\/p>                        <\/div>\n\n                    <\/div>\n\n                <\/div><!-- .elementskit-card END -->\n\n                \n                <div class=\"elementskit-card \">\n                    <div class=\"elementskit-card-header\" id=\"primaryHeading-6-439ea501\">\n                        <a href=\"#collapse-6ca743c69e949f9dbf93\" class=\"ekit-accordion--toggler elementskit-btn-link collapsed\" data-ekit-toggle=\"collapse\" data-target=\"#Collapse-6ca743c69e949f9dbf93\" aria-expanded=\"false\" aria-controls=\"Collapse-6ca743c69e949f9dbf93\">\n                            \n                            <span class=\"ekit-accordion-title\">\u00bfDesarrollan proyectos de construcci\u00f3n?<\/span>\n\n                            \n                                <div class=\"ekit_accordion_icon_group\">\n                                    <div class=\"ekit_accordion_normal_icon\">\n                                        <!-- Normal Icon -->\n\t\t\t\t\t\t\t\t\t\t<i class=\"icon icon-plus\"><\/i>                                    <\/div>\n\n                                    <div class=\"ekit_accordion_active_icon\">\n                                        <!-- Active Icon -->\n\t\t\t\t\t\t\t\t\t\t<i class=\"icon icon-minus\"><\/i>                                    <\/div>\n                                <\/div>\n\n                            \n                                                    <\/a>\n                    <\/div>\n\n                    <div id=\"Collapse-6ca743c69e949f9dbf93\" class=\" collapse\" aria-labelledby=\"primaryHeading-6-439ea501\" data-parent=\"#accordion-69e949f9dbf93\">\n\n                        <div class=\"elementskit-card-body ekit-accordion--content\">\n                            <p>S\u00ed. Podemos abordar proyectos inmobiliarios como casas, locales comerciales y galpones industriales.<\/p><p>\u00a0<\/p>                        <\/div>\n\n                    <\/div>\n\n                <\/div><!-- .elementskit-card END -->\n\n                \n                <div class=\"elementskit-card \">\n                    <div class=\"elementskit-card-header\" id=\"primaryHeading-7-439ea501\">\n                        <a href=\"#collapse-8cbc25069e949f9dbf93\" class=\"ekit-accordion--toggler elementskit-btn-link collapsed\" data-ekit-toggle=\"collapse\" data-target=\"#Collapse-8cbc25069e949f9dbf93\" aria-expanded=\"false\" aria-controls=\"Collapse-8cbc25069e949f9dbf93\">\n                            \n                            <span class=\"ekit-accordion-title\">\u00bfC\u00f3mo puedo solicitar una asesor\u00eda?<\/span>\n\n                            \n                                <div class=\"ekit_accordion_icon_group\">\n                                    <div class=\"ekit_accordion_normal_icon\">\n                                        <!-- Normal Icon -->\n\t\t\t\t\t\t\t\t\t\t<i class=\"icon icon-plus\"><\/i>                                    <\/div>\n\n                                    <div class=\"ekit_accordion_active_icon\">\n                                        <!-- Active Icon -->\n\t\t\t\t\t\t\t\t\t\t<i class=\"icon icon-minus\"><\/i>                                    <\/div>\n                                <\/div>\n\n                            \n                                                    <\/a>\n                    <\/div>\n\n                    <div id=\"Collapse-8cbc25069e949f9dbf93\" class=\" collapse\" aria-labelledby=\"primaryHeading-7-439ea501\" data-parent=\"#accordion-69e949f9dbf93\">\n\n                        <div class=\"elementskit-card-body ekit-accordion--content\">\n                            <p>Puedes contactarnos a trav\u00e9s del formulario del sitio o por los canales de contacto disponibles. Revisaremos tu caso y te orientaremos seg\u00fan tu necesidad.<\/p>                        <\/div>\n\n                    <\/div>\n\n                <\/div><!-- .elementskit-card END -->\n\n                                        <\/div>\n    <\/div>\t\t\t\t<\/div>\n\t\t\t\t<\/div>\n\t\t\t\t\t<\/div>\n\t\t\t\t<\/div>\n\t\t<div class=\"elementor-element elementor-element-8a037be e-flex e-con-boxed e-con e-parent\" data-id=\"8a037be\" data-element_type=\"container\" data-e-type=\"container\" data-settings=\"{&quot;background_background&quot;:&quot;classic&quot;}\">\n\t\t\t\t\t<div class=\"e-con-inner\">\n\t\t<div class=\"elementor-element elementor-element-69e657b e-con-full e-flex elementor-invisible e-con e-child\" data-id=\"69e657b\" data-element_type=\"container\" data-e-type=\"container\" data-settings=\"{&quot;animation&quot;:&quot;fadeIn&quot;,&quot;animation_delay&quot;:300}\">\n\t\t\t\t<div class=\"elementor-element elementor-element-52c0779 elementor-icon-list--layout-inline elementor-list-item-link-full_width elementor-widget elementor-widget-icon-list\" data-id=\"52c0779\" data-element_type=\"widget\" data-e-type=\"widget\" data-widget_type=\"icon-list.default\">\n\t\t\t\t\t\t\t<ul class=\"elementor-icon-list-items elementor-inline-items\">\n\t\t\t\t\t\t\t<li class=\"elementor-icon-list-item elementor-inline-item\">\n\t\t\t\t\t\t\t\t\t\t\t<span class=\"elementor-icon-list-icon\">\n\t\t\t\t\t\t\t<svg aria-hidden=\"true\" class=\"e-font-icon-svg e-fas-grip-horizontal\" viewBox=\"0 0 448 512\" xmlns=\"http:\/\/www.w3.org\/2000\/svg\"><path d=\"M96 288H32c-17.67 0-32 14.33-32 32v64c0 17.67 14.33 32 32 32h64c17.67 0 32-14.33 32-32v-64c0-17.67-14.33-32-32-32zm160 0h-64c-17.67 0-32 14.33-32 32v64c0 17.67 14.33 32 32 32h64c17.67 0 32-14.33 32-32v-64c0-17.67-14.33-32-32-32zm160 0h-64c-17.67 0-32 14.33-32 32v64c0 17.67 14.33 32 32 32h64c17.67 0 32-14.33 32-32v-64c0-17.67-14.33-32-32-32zM96 96H32c-17.67 0-32 14.33-32 32v64c0 17.67 14.33 32 32 32h64c17.67 0 32-14.33 32-32v-64c0-17.67-14.33-32-32-32zm160 0h-64c-17.67 0-32 14.33-32 32v64c0 17.67 14.33 32 32 32h64c17.67 0 32-14.33 32-32v-64c0-17.67-14.33-32-32-32zm160 0h-64c-17.67 0-32 14.33-32 32v64c0 17.67 14.33 32 32 32h64c17.67 0 32-14.33 32-32v-64c0-17.67-14.33-32-32-32z\"><\/path><\/svg>\t\t\t\t\t\t<\/span>\n\t\t\t\t\t\t\t\t\t\t<span class=\"elementor-icon-list-text\">recibe tu asesor\u00eda<\/span>\n\t\t\t\t\t\t\t\t\t<\/li>\n\t\t\t\t\t\t<\/ul>\n\t\t\t\t\t\t<\/div>\n\t\t\t\t<div class=\"elementor-element elementor-element-08652cb elementor-widget-tablet__width-initial elementor-widget elementor-widget-heading\" data-id=\"08652cb\" data-element_type=\"widget\" data-e-type=\"widget\" data-widget_type=\"heading.default\">\n\t\t\t\t\t<h2 class=\"elementor-heading-title elementor-size-default\">Comienza ya tu proyecto<\/h2>\t\t\t\t<\/div>\n\t\t\t\t<div class=\"elementor-element elementor-element-741aa08 elementor-widget__width-initial elementor-widget elementor-widget-text-editor\" data-id=\"741aa08\" data-element_type=\"widget\" data-e-type=\"widget\" data-widget_type=\"text-editor.default\">\n\t\t\t\t\t\t\t\t\t<p>Cada servicio puede adaptarse a la necesidad espec\u00edfica de tu proyecto o inversi\u00f3n. Trabajamos con una visi\u00f3n pr\u00e1ctica, profesional y orientada a resultados.<\/p>\t\t\t\t\t\t\t\t<\/div>\n\t\t\t\t<div class=\"elementor-element elementor-element-c578cf3 elementor-widget-divider--view-line elementor-widget elementor-widget-divider\" data-id=\"c578cf3\" data-element_type=\"widget\" data-e-type=\"widget\" data-widget_type=\"divider.default\">\n\t\t\t\t\t\t\t<div class=\"elementor-divider\">\n\t\t\t<span class=\"elementor-divider-separator\">\n\t\t\t\t\t\t<\/span>\n\t\t<\/div>\n\t\t\t\t\t\t<\/div>\n\t\t\t\t<div class=\"elementor-element elementor-element-cf68910 elementor-widget elementor-widget-button\" data-id=\"cf68910\" data-element_type=\"widget\" data-e-type=\"widget\" data-widget_type=\"button.default\">\n\t\t\t\t\t\t\t\t\t\t<a class=\"elementor-button elementor-button-link elementor-size-sm\" href=\"https:\/\/fonseca-lucic.cl\/index.php\/contacto\/\">\n\t\t\t\t\t\t<span class=\"elementor-button-content-wrapper\">\n\t\t\t\t\t\t\t\t\t<span class=\"elementor-button-text\">Contacto<\/span>\n\t\t\t\t\t<\/span>\n\t\t\t\t\t<\/a>\n\t\t\t\t\t\t\t\t<\/div>\n\t\t\t\t<\/div>\n\t\t\t\t\t<\/div>\n\t\t\t\t<\/div>\n\t\t\t\t<\/div>\n\t\t","protected":false},"excerpt":{"rendered":"<p>FAQ Inicio FAQ FAQ Preguntas Frecuentes \u00bfQu\u00e9 tipo de propiedades gestionan? Trabajamos con propiedades habitacionales, comerciales y otros activos inmobiliarios, seg\u00fan el tipo de operaci\u00f3n o proyecto requerido. \u00bfPueden apoyarme si quiero vender una propiedad? S\u00ed. Te acompa\u00f1amos en el proceso de venta con asesor\u00eda comercial, orientaci\u00f3n estrat\u00e9gica y apoyo documental para facilitar una gesti\u00f3n [&hellip;]<\/p>\n","protected":false},"author":1,"featured_media":0,"parent":0,"menu_order":0,"comment_status":"closed","ping_status":"closed","template":"","meta":{"footnotes":""},"class_list":["post-95","page","type-page","status-publish","hentry"],"_links":{"self":[{"href":"https:\/\/fonseca-lucic.cl\/index.php\/wp-json\/wp\/v2\/pages\/95","targetHints":{"allow":["GET"]}}],"collection":[{"href":"https:\/\/fonseca-lucic.cl\/index.php\/wp-json\/wp\/v2\/pages"}],"about":[{"href":"https:\/\/fonseca-lucic.cl\/index.php\/wp-json\/wp\/v2\/types\/page"}],"author":[{"embeddable":true,"href":"https:\/\/fonseca-lucic.cl\/index.php\/wp-json\/wp\/v2\/users\/1"}],"replies":[{"embeddable":true,"href":"https:\/\/fonseca-lucic.cl\/index.php\/wp-json\/wp\/v2\/comments?post=95"}],"version-history":[{"count":13,"href":"https:\/\/fonseca-lucic.cl\/index.php\/wp-json\/wp\/v2\/pages\/95\/revisions"}],"predecessor-version":[{"id":334,"href":"https:\/\/fonseca-lucic.cl\/index.php\/wp-json\/wp\/v2\/pages\/95\/revisions\/334"}],"wp:attachment":[{"href":"https:\/\/fonseca-lucic.cl\/index.php\/wp-json\/wp\/v2\/media?parent=95"}],"curies":[{"name":"wp","href":"https:\/\/api.w.org\/{rel}","templated":true}]}}